{"id":355,"date":"2025-12-14T21:13:51","date_gmt":"2025-12-14T20:13:51","guid":{"rendered":"https:\/\/lingonex.de\/?page_id=355"},"modified":"2026-04-05T02:01:18","modified_gmt":"2026-04-05T00:01:18","slug":"about-us","status":"publish","type":"page","link":"https:\/\/lingonex.de\/de\/about-us\/","title":{"rendered":"\u00dcber uns"},"content":{"rendered":"<div data-elementor-type=\"wp-post\" data-elementor-id=\"355\" class=\"elementor elementor-355\" data-elementor-settings=\"{&quot;element_pack_global_tooltip_width&quot;:{&quot;unit&quot;:&quot;px&quot;,&quot;size&quot;:&quot;&quot;,&quot;sizes&quot;:[]},&quot;element_pack_global_tooltip_width_tablet&quot;:{&quot;unit&quot;:&quot;px&quot;,&quot;size&quot;:&quot;&quot;,&quot;sizes&quot;:[]},&quot;element_pack_global_tooltip_width_mobile&quot;:{&quot;unit&quot;:&quot;px&quot;,&quot;size&quot;:&quot;&quot;,&quot;sizes&quot;:[]},&quot;element_pack_global_tooltip_padding&quot;:{&quot;unit&quot;:&quot;px&quot;,&quot;top&quot;:&quot;&quot;,&quot;right&quot;:&quot;&quot;,&quot;bottom&quot;:&quot;&quot;,&quot;left&quot;:&quot;&quot;,&quot;isLinked&quot;:true},&quot;element_pack_global_tooltip_padding_tablet&quot;:{&quot;unit&quot;:&quot;px&quot;,&quot;top&quot;:&quot;&quot;,&quot;right&quot;:&quot;&quot;,&quot;bottom&quot;:&quot;&quot;,&quot;left&quot;:&quot;&quot;,&quot;isLinked&quot;:true},&quot;element_pack_global_tooltip_padding_mobile&quot;:{&quot;unit&quot;:&quot;px&quot;,&quot;top&quot;:&quot;&quot;,&quot;right&quot;:&quot;&quot;,&quot;bottom&quot;:&quot;&quot;,&quot;left&quot;:&quot;&quot;,&quot;isLinked&quot;:true},&quot;element_pack_global_tooltip_border_radius&quot;:{&quot;unit&quot;:&quot;px&quot;,&quot;top&quot;:&quot;&quot;,&quot;right&quot;:&quot;&quot;,&quot;bottom&quot;:&quot;&quot;,&quot;left&quot;:&quot;&quot;,&quot;isLinked&quot;:true},&quot;element_pack_global_tooltip_border_radius_tablet&quot;:{&quot;unit&quot;:&quot;px&quot;,&quot;top&quot;:&quot;&quot;,&quot;right&quot;:&quot;&quot;,&quot;bottom&quot;:&quot;&quot;,&quot;left&quot;:&quot;&quot;,&quot;isLinked&quot;:true},&quot;element_pack_global_tooltip_border_radius_mobile&quot;:{&quot;unit&quot;:&quot;px&quot;,&quot;top&quot;:&quot;&quot;,&quot;right&quot;:&quot;&quot;,&quot;bottom&quot;:&quot;&quot;,&quot;left&quot;:&quot;&quot;,&quot;isLinked&quot;:true}}\">\n\t\t\t\t<div class=\"aux-parallax-section elementor-element elementor-element-873a82c e-flex e-con-boxed e-con e-parent\" data-id=\"873a82c\" data-element_type=\"container\" data-e-type=\"container\">\n\t\t\t\t\t<div class=\"e-con-inner\">\n\t\t<div class=\"elementor-element elementor-element-ff929e9 e-con-full e-flex e-con e-child\" data-id=\"ff929e9\" data-element_type=\"container\" data-e-type=\"container\">\n\t\t\t\t<div class=\"elementor-element elementor-element-335ab30 aux-appear-watch-animation aux-mask-from-left elementor-widget elementor-widget-aux_modern_heading\" data-id=\"335ab30\" data-element_type=\"widget\" data-e-type=\"widget\" data-widget_type=\"aux_modern_heading.default\">\n\t\t\t\t<div class=\"elementor-widget-container\">\n\t\t\t\t\t<section class=\"aux-widget-modern-heading\">\n            <div class=\"aux-widget-inner\"><h6 class=\"aux-modern-heading-primary\"><\/h6><h3 class=\"aux-modern-heading-secondary translation-block\"><span class=\"aux-head-before\">Warum<\/span><span class=\"aux-head-highlight\">Lingonex<\/span><span class=\"aux-head-after\">existiert<\/span><\/h3><\/div>\n        <\/section>\t\t\t\t<\/div>\n\t\t\t\t<\/div>\n\t\t\t\t<div class=\"elementor-element elementor-element-273512b aux-appear-watch-animation aux-fade-in-right elementor-widget elementor-widget-text-editor\" data-id=\"273512b\" data-element_type=\"widget\" data-e-type=\"widget\" data-widget_type=\"text-editor.default\">\n\t\t\t\t<div class=\"elementor-widget-container\">\n\t\t\t\t\t\t\t\t\t<div class=\"aux-bus2-title-divider\">\u00a0<\/div>\t\t\t\t\t\t\t\t<\/div>\n\t\t\t\t<\/div>\n\t\t<div class=\"elementor-element elementor-element-e41a29f e-con-full e-flex e-con e-child\" data-id=\"e41a29f\" data-element_type=\"container\" data-e-type=\"container\">\n\t\t<div class=\"elementor-element elementor-element-6cb45de e-con-full e-flex e-con e-child\" data-id=\"6cb45de\" data-element_type=\"container\" data-e-type=\"container\">\n\t\t\t\t<div class=\"elementor-element elementor-element-d3865fd aux-appear-watch-animation aux-fade-in-up elementor-widget elementor-widget-text-editor\" data-id=\"d3865fd\" data-element_type=\"widget\" data-e-type=\"widget\" data-widget_type=\"text-editor.default\">\n\t\t\t\t<div class=\"elementor-widget-container\">\n\t\t\t\t\t\t\t\t\t<p style=\"text-align: justify;\">Vielleicht war meine bisher gr\u00f6\u00dfte Reise, Ende zwanzig nach Deutschland zu kommen und hier ein neues Leben zu beginnen. In der Hoffnung, dass Englisch ausreichen w\u00fcrde, umgab ich mich w\u00e4hrend meines Studiums und meiner Arbeit mit internationalen Menschen und bewegte mich in einem internationalen Umfeld.\n\nAnfangs f\u00fchlte es sich sicher an, in dieser Blase zu bleiben \u2013 doch der Alltag bewies schnell das Gegenteil. Arzttermine, beh\u00f6rdliche Schreiben, Gespr\u00e4che mit Nachbarn und vor allem berufliche M\u00f6glichkeiten wurden zu st\u00e4ndigen Herausforderungen. Immer wieder stand ich vor derselben zentralen H\u00fcrde: <b>mich auf Deutsch nicht ausdr\u00fccken zu k\u00f6nnen<\/b>.<\/p><p style=\"text-align: justify;\" class=\"translation-block\">Schnell wurde mir klar, dass dieser Kampf nicht nur meiner war. Er ist die Realit\u00e4t unz\u00e4hliger internationaler Menschen in Deutschland, die Monate oder sogar Jahre in Sprachkurse investieren, Pr\u00fcfungen bestehen und die Grammatik verstehen \u2013 und dennoch z\u00f6gern, wenn es um echte Gespr\u00e4che geht.\n\nDer Wunsch, sich zu integrieren, zu arbeiten und dazuzugeh\u00f6ren, bleibt oft auf der Stelle stehen, obwohl enormer Einsatz geleistet wird. Die Ergebnisse entsprechen nicht den Erwartungen, weil Kommunikation h\u00e4ufig durch <b>Angst<\/b>, <b>Unsicherheit<\/b> und einen <b>Mangel an praktischer Erfahrung<\/b> blockiert wird.<\/p><p style=\"text-align: justify;\" class=\"translation-block\">Meine eigene Erfahrung \u2013 zusammen mit der Beobachtung anderer beim Lernen der deutschen Sprache, einer anspruchsvollen Sprache, sowie meiner lebenslangen Inspiration durch meine Mutter als engagierte Lehrerin \u2013 f\u00fchrte zur Idee von <b>Lingonex<\/b>. Abgeleitet vom Wort <strong><em>Nexus<\/em><\/strong>, das \u201eVerbindung\u201c bedeutet, steht Lingonex f\u00fcr die Br\u00fccke zwischen Theorie und realer Kommunikation.\n\nEs verbindet Wissen mit echtem Sprechen \u2013 und Z\u00f6gern mit selbstbewusster Teilhabe am gesellschaftlichen Leben.<\/p><p style=\"text-align: justify;\">Lingonex konzentriert sich auf praxisnahes Sprechen, individuelles Mentoring und kontinuierliche Unterst\u00fctzung. Die Kurse gehen \u00fcber den Unterricht hinaus. Es geht um Orientierung beim Lernen, darum, sich nicht allein zu f\u00fchlen und verstanden zu werden, w\u00e4hrend man den Herausforderungen des Alltags in einem neuen Land begegnet. So kann Selbstvertrauen in einer sicheren und unterst\u00fctzenden Umgebung ganz nat\u00fcrlich wachsen.<\/p><p style=\"text-align: justify;\">F\u00fcr diejenigen, die nicht nur den Alltag bew\u00e4ltigen, sondern sich auch eine berufliche Zukunft in Deutschland aufbauen m\u00f6chten, geht diese Unterst\u00fctzung noch weiter. Lingonex hilft dir, dich als Expat auf dem Arbeitsmarkt zurechtzufinden \u2013 auch wenn du die Sprache noch nicht vollst\u00e4ndig beherrschst.\n\nDeshalb verbindet Lingonex Sprachtraining mit karriereorientiertem Mentoring, Unterst\u00fctzung bei Bewerbungen, Vorbereitung auf Vorstellungsgespr\u00e4che und strategischer Begleitung bei der Orientierung auf dem Arbeitsmarkt. Die Mission ist nicht nur, Deutsch zu unterrichten, sondern T\u00fcren zu echten beruflichen Chancen zu \u00f6ffnen.<\/p><p style=\"text-align: justify;\" class=\"translation-block\">Mit Lingonex ist das Ziel, eine Lernumgebung zu schaffen, die st\u00e4rkt statt \u00fcberfordert, die ermutigt statt einsch\u00fcchtert und die Unsicherheit in Selbstvertrauen verwandelt. Deutsch wird hier nicht einfach nur unterrichtet. <b>Kommunikative St\u00e4rke<\/b>, <b>Selbstvertrauen<\/b> und <b>neue M\u00f6glichkeiten<\/b> werden aufgebaut \u2013 f\u00fcr den Alltag, f\u00fcr die Karriere und f\u00fcr ein echtes Ankommen in Deutschland.<\/p>\t\t\t\t\t\t\t\t<\/div>\n\t\t\t\t<\/div>\n\t\t\t\t<\/div>\n\t\t<div class=\"elementor-element elementor-element-c055758 e-con-full e-flex e-con e-child\" data-id=\"c055758\" data-element_type=\"container\" data-e-type=\"container\">\n\t\t\t\t<div class=\"elementor-element elementor-element-6d84599 elementor-widget elementor-widget-image\" data-id=\"6d84599\" data-element_type=\"widget\" data-e-type=\"widget\" data-widget_type=\"image.default\">\n\t\t\t\t<div class=\"elementor-widget-container\">\n\t\t\t\t\t\t\t\t\t\t\t\t\t\t\t<img fetchpriority=\"high\" decoding=\"async\" width=\"1024\" height=\"1024\" src=\"https:\/\/lingonex.de\/wp-content\/uploads\/2026\/03\/slider_img_white-1024x1024.avif\" class=\"attachment-large size-large wp-image-2811\" alt=\"\" srcset=\"https:\/\/lingonex.de\/wp-content\/uploads\/2026\/03\/slider_img_white-1024x1024.avif 1024w, https:\/\/lingonex.de\/wp-content\/uploads\/2026\/03\/slider_img_white-300x300.avif 300w, https:\/\/lingonex.de\/wp-content\/uploads\/2026\/03\/slider_img_white-150x150.avif 150w, https:\/\/lingonex.de\/wp-content\/uploads\/2026\/03\/slider_img_white-768x768.avif 768w\" sizes=\"(max-width: 1024px) 100vw, 1024px\" \/>\t\t\t\t\t\t\t\t\t\t\t\t\t\t\t<\/div>\n\t\t\t\t<\/div>\n\t\t\t\t<\/div>\n\t\t\t\t<\/div>\n\t\t\t\t<\/div>\n\t\t\t\t\t<\/div>\n\t\t\t\t<\/div>\n\t\t<div class=\"aux-parallax-section elementor-element elementor-element-ffd78e8 e-flex e-con-boxed e-con e-parent\" data-id=\"ffd78e8\" data-element_type=\"container\" data-e-type=\"container\" data-settings=\"{&quot;background_background&quot;:&quot;classic&quot;}\">\n\t\t\t\t\t<div class=\"e-con-inner\">\n\t\t<div class=\"elementor-element elementor-element-25fcd54 e-con-full e-flex e-con e-child\" data-id=\"25fcd54\" data-element_type=\"container\" data-e-type=\"container\">\n\t\t\t\t<div class=\"elementor-element elementor-element-c005a23 aux-appear-watch-animation aux-fade-in-up elementor-widget elementor-widget-aux_modern_heading\" data-id=\"c005a23\" data-element_type=\"widget\" data-e-type=\"widget\" data-widget_type=\"aux_modern_heading.default\">\n\t\t\t\t<div class=\"elementor-widget-container\">\n\t\t\t\t\t<section class=\"aux-widget-modern-heading\">\n            <div class=\"aux-widget-inner\"><h6 class=\"aux-modern-heading-primary\">Hast du Fragen?<\/h6><h3 class=\"aux-modern-heading-secondary\"><span class=\"aux-head-before\">Buche dein kostenloses Beratungsgespr\u00e4ch.<\/span><\/h3><\/div>\n        <\/section>\t\t\t\t<\/div>\n\t\t\t\t<\/div>\n\t\t\t\t<div class=\"elementor-element elementor-element-1d8177f aux-appear-watch-animation aux-fade-in-right elementor-widget elementor-widget-text-editor\" data-id=\"1d8177f\" data-element_type=\"widget\" data-e-type=\"widget\" data-widget_type=\"text-editor.default\">\n\t\t\t\t<div class=\"elementor-widget-container\">\n\t\t\t\t\t\t\t\t\t<div class=\"aux-bus2-title-divider\">\u00a0<\/div>\t\t\t\t\t\t\t\t<\/div>\n\t\t\t\t<\/div>\n\t\t\t\t<div class=\"elementor-element elementor-element-2a9a2dd elementor-widget elementor-widget-aux_button\" data-id=\"2a9a2dd\" data-element_type=\"widget\" data-e-type=\"widget\" data-widget_type=\"aux_button.default\">\n\t\t\t\t<div class=\"elementor-widget-container\">\n\t\t\t\t\t<a  href=\"https:\/\/lingonex.de\/de\/appointment-booking\/\" target=\"_self\"   class=\"aux-button aux-medium aux-carmine-pink aux-curve aux-none aux-uppercase\" ><span class=\"aux-overlay\"><\/span><span class=\"aux-text\">Kostenloses Gespr\u00e4ch buchen<\/span><\/a>\t\t\t\t<\/div>\n\t\t\t\t<\/div>\n\t\t\t\t<\/div>\n\t\t\t\t\t<\/div>\n\t\t\t\t<\/div>\n\t\t\t\t<\/div>","protected":false},"excerpt":{"rendered":"<p>WhyLingonexExists \u00a0 Maybe my biggest journey so far was coming to Germany and starting my life here in my late twenties. With the hope that English would be enough, I surrounded myself with international people while studying and working in an international environment. At first, it felt safe inside this bubble, but daily life quickly [&hellip;]<\/p>\n","protected":false},"author":1,"featured_media":0,"parent":0,"menu_order":0,"comment_status":"closed","ping_status":"closed","template":"","meta":{"footnotes":""},"class_list":["post-355","page","type-page","status-publish","hentry"],"yoast_head":"<!-- This site is optimized with the Yoast SEO Premium plugin v26.8 (Yoast SEO v27.4) - https:\/\/yoast.com\/product\/yoast-seo-premium-wordpress\/ -->\n<title>About Lingonex \u2013 We Help Expats Speak German with Confidence<\/title>\n<meta name=\"description\" content=\"Lingonex was founded to bridge the gap between classroom German and real-life communication. Learn how we help internationals in Germany build confidence through practical speaking and personal guidance.\" \/>\n<meta name=\"robots\" content=\"index, follow, max-snippet:-1, max-image-preview:large, max-video-preview:-1\" \/>\n<link rel=\"canonical\" href=\"https:\/\/lingonex.de\/de\/about-us\/\" \/>\n<meta property=\"og:locale\" content=\"de_DE\" \/>\n<meta property=\"og:type\" content=\"article\" \/>\n<meta property=\"og:title\" content=\"About Us\" \/>\n<meta property=\"og:description\" content=\"Lingonex was founded to bridge the gap between classroom German and real-life communication. Learn how we help internationals in Germany build confidence through practical speaking and personal guidance.\" \/>\n<meta property=\"og:url\" content=\"https:\/\/lingonex.de\/de\/about-us\/\" \/>\n<meta property=\"og:site_name\" content=\"Lingonex Academy\" \/>\n<meta property=\"article:modified_time\" content=\"2026-04-05T00:01:18+00:00\" \/>\n<meta name=\"twitter:card\" content=\"summary_large_image\" \/>\n<meta name=\"twitter:label1\" content=\"Gesch\u00e4tzte Lesezeit\" \/>\n\t<meta name=\"twitter:data1\" content=\"3\u00a0Minuten\" \/>\n<script type=\"application\/ld+json\" class=\"yoast-schema-graph\">{\"@context\":\"https:\\\/\\\/schema.org\",\"@graph\":[{\"@type\":[\"WebPage\",\"AboutPage\"],\"@id\":\"https:\\\/\\\/lingonex.de\\\/about-us\\\/\",\"url\":\"https:\\\/\\\/lingonex.de\\\/about-us\\\/\",\"name\":\"About Lingonex \u2013 We Help Expats Speak German with Confidence\",\"isPartOf\":{\"@id\":\"https:\\\/\\\/lingonex.de\\\/#website\"},\"primaryImageOfPage\":{\"@id\":\"https:\\\/\\\/lingonex.de\\\/about-us\\\/#primaryimage\"},\"image\":{\"@id\":\"https:\\\/\\\/lingonex.de\\\/about-us\\\/#primaryimage\"},\"thumbnailUrl\":\"https:\\\/\\\/lingonex.de\\\/wp-content\\\/uploads\\\/2026\\\/03\\\/slider_img_white-1024x1024.avif\",\"datePublished\":\"2025-12-14T20:13:51+00:00\",\"dateModified\":\"2026-04-05T00:01:18+00:00\",\"description\":\"Lingonex was founded to bridge the gap between classroom German and real-life communication. Learn how we help internationals in Germany build confidence through practical speaking and personal guidance.\",\"breadcrumb\":{\"@id\":\"https:\\\/\\\/lingonex.de\\\/about-us\\\/#breadcrumb\"},\"inLanguage\":\"de\",\"potentialAction\":[{\"@type\":\"ReadAction\",\"target\":[\"https:\\\/\\\/lingonex.de\\\/about-us\\\/\"]}]},{\"@type\":\"ImageObject\",\"inLanguage\":\"de\",\"@id\":\"https:\\\/\\\/lingonex.de\\\/about-us\\\/#primaryimage\",\"url\":\"https:\\\/\\\/lingonex.de\\\/wp-content\\\/uploads\\\/2026\\\/03\\\/slider_img_white-1024x1024.avif\",\"contentUrl\":\"https:\\\/\\\/lingonex.de\\\/wp-content\\\/uploads\\\/2026\\\/03\\\/slider_img_white-1024x1024.avif\"},{\"@type\":\"BreadcrumbList\",\"@id\":\"https:\\\/\\\/lingonex.de\\\/about-us\\\/#breadcrumb\",\"itemListElement\":[{\"@type\":\"ListItem\",\"position\":1,\"name\":\"Home\",\"item\":\"https:\\\/\\\/lingonex.de\\\/\"},{\"@type\":\"ListItem\",\"position\":2,\"name\":\"About Us\"}]},{\"@type\":\"WebSite\",\"@id\":\"https:\\\/\\\/lingonex.de\\\/#website\",\"url\":\"https:\\\/\\\/lingonex.de\\\/\",\"name\":\"Lingonex Academy\",\"description\":\"Speak confidently. Grow professionally.\",\"publisher\":{\"@id\":\"https:\\\/\\\/lingonex.de\\\/#organization\"},\"alternateName\":\"Lingonex\",\"potentialAction\":[{\"@type\":\"SearchAction\",\"target\":{\"@type\":\"EntryPoint\",\"urlTemplate\":\"https:\\\/\\\/lingonex.de\\\/?s={search_term_string}\"},\"query-input\":{\"@type\":\"PropertyValueSpecification\",\"valueRequired\":true,\"valueName\":\"search_term_string\"}}],\"inLanguage\":\"de\"},{\"@type\":\"Organization\",\"@id\":\"https:\\\/\\\/lingonex.de\\\/#organization\",\"name\":\"Lingonex Academy\",\"alternateName\":\"Lingonex\",\"url\":\"https:\\\/\\\/lingonex.de\\\/\",\"logo\":{\"@type\":\"ImageObject\",\"inLanguage\":\"de\",\"@id\":\"https:\\\/\\\/lingonex.de\\\/#\\\/schema\\\/logo\\\/image\\\/\",\"url\":\"https:\\\/\\\/lingonex.de\\\/wp-content\\\/uploads\\\/2026\\\/04\\\/Lingonex_logo_color_800.svg\",\"contentUrl\":\"https:\\\/\\\/lingonex.de\\\/wp-content\\\/uploads\\\/2026\\\/04\\\/Lingonex_logo_color_800.svg\",\"width\":800,\"height\":160,\"caption\":\"Lingonex Academy\"},\"image\":{\"@id\":\"https:\\\/\\\/lingonex.de\\\/#\\\/schema\\\/logo\\\/image\\\/\"},\"sameAs\":[\"https:\\\/\\\/www.linkedin.com\\\/company\\\/lingonex-academy\\\/\",\"https:\\\/\\\/www.meetup.com\\\/german-language-career-club\\\/\"],\"description\":\"Lingonex mission is to transform German from theoretical knowledge into confident, real-world communication.\",\"email\":\"admin@lingonex.de\",\"publishingPrinciples\":\"https:\\\/\\\/lingonex.de\\\/about-us\\\/\",\"ownershipFundingInfo\":\"https:\\\/\\\/lingonex.de\\\/about-us\\\/\"}]}<\/script>\n<!-- \/ Yoast SEO Premium plugin. -->","yoast_head_json":{"title":"About Lingonex \u2013 We Help Expats Speak German with Confidence","description":"Lingonex was founded to bridge the gap between classroom German and real-life communication. Learn how we help internationals in Germany build confidence through practical speaking and personal guidance.","robots":{"index":"index","follow":"follow","max-snippet":"max-snippet:-1","max-image-preview":"max-image-preview:large","max-video-preview":"max-video-preview:-1"},"canonical":"https:\/\/lingonex.de\/de\/about-us\/","og_locale":"de_DE","og_type":"article","og_title":"About Us","og_description":"Lingonex was founded to bridge the gap between classroom German and real-life communication. Learn how we help internationals in Germany build confidence through practical speaking and personal guidance.","og_url":"https:\/\/lingonex.de\/de\/about-us\/","og_site_name":"Lingonex Academy","article_modified_time":"2026-04-05T00:01:18+00:00","twitter_card":"summary_large_image","twitter_misc":{"Gesch\u00e4tzte Lesezeit":"3\u00a0Minuten"},"schema":{"@context":"https:\/\/schema.org","@graph":[{"@type":["WebPage","AboutPage"],"@id":"https:\/\/lingonex.de\/about-us\/","url":"https:\/\/lingonex.de\/about-us\/","name":"About Lingonex \u2013 We Help Expats Speak German with Confidence","isPartOf":{"@id":"https:\/\/lingonex.de\/#website"},"primaryImageOfPage":{"@id":"https:\/\/lingonex.de\/about-us\/#primaryimage"},"image":{"@id":"https:\/\/lingonex.de\/about-us\/#primaryimage"},"thumbnailUrl":"https:\/\/lingonex.de\/wp-content\/uploads\/2026\/03\/slider_img_white-1024x1024.avif","datePublished":"2025-12-14T20:13:51+00:00","dateModified":"2026-04-05T00:01:18+00:00","description":"Lingonex was founded to bridge the gap between classroom German and real-life communication. Learn how we help internationals in Germany build confidence through practical speaking and personal guidance.","breadcrumb":{"@id":"https:\/\/lingonex.de\/about-us\/#breadcrumb"},"inLanguage":"de","potentialAction":[{"@type":"ReadAction","target":["https:\/\/lingonex.de\/about-us\/"]}]},{"@type":"ImageObject","inLanguage":"de","@id":"https:\/\/lingonex.de\/about-us\/#primaryimage","url":"https:\/\/lingonex.de\/wp-content\/uploads\/2026\/03\/slider_img_white-1024x1024.avif","contentUrl":"https:\/\/lingonex.de\/wp-content\/uploads\/2026\/03\/slider_img_white-1024x1024.avif"},{"@type":"BreadcrumbList","@id":"https:\/\/lingonex.de\/about-us\/#breadcrumb","itemListElement":[{"@type":"ListItem","position":1,"name":"Home","item":"https:\/\/lingonex.de\/"},{"@type":"ListItem","position":2,"name":"About Us"}]},{"@type":"WebSite","@id":"https:\/\/lingonex.de\/#website","url":"https:\/\/lingonex.de\/","name":"Lingonex Academy","description":"Sprich selbstbewusst. Wachs beruflich.","publisher":{"@id":"https:\/\/lingonex.de\/#organization"},"alternateName":"Lingonex","potentialAction":[{"@type":"SearchAction","target":{"@type":"EntryPoint","urlTemplate":"https:\/\/lingonex.de\/?s={search_term_string}"},"query-input":{"@type":"PropertyValueSpecification","valueRequired":true,"valueName":"search_term_string"}}],"inLanguage":"de"},{"@type":"Organization","@id":"https:\/\/lingonex.de\/#organization","name":"Lingonex Academy","alternateName":"Lingonex","url":"https:\/\/lingonex.de\/","logo":{"@type":"ImageObject","inLanguage":"de","@id":"https:\/\/lingonex.de\/#\/schema\/logo\/image\/","url":"https:\/\/lingonex.de\/wp-content\/uploads\/2026\/04\/Lingonex_logo_color_800.svg","contentUrl":"https:\/\/lingonex.de\/wp-content\/uploads\/2026\/04\/Lingonex_logo_color_800.svg","width":800,"height":160,"caption":"Lingonex Academy"},"image":{"@id":"https:\/\/lingonex.de\/#\/schema\/logo\/image\/"},"sameAs":["https:\/\/www.linkedin.com\/company\/lingonex-academy\/","https:\/\/www.meetup.com\/german-language-career-club\/"],"description":"Die Mission von Lingonex ist es, Deutsch von rein theoretischem Wissen in selbstbewusste, praxisnahe Kommunikation zu verwandeln.","email":"admin@lingonex.de","publishingPrinciples":"https:\/\/lingonex.de\/about-us\/","ownershipFundingInfo":"https:\/\/lingonex.de\/about-us\/"}]}},"_links":{"self":[{"href":"https:\/\/lingonex.de\/de\/wp-json\/wp\/v2\/pages\/355","targetHints":{"allow":["GET"]}}],"collection":[{"href":"https:\/\/lingonex.de\/de\/wp-json\/wp\/v2\/pages"}],"about":[{"href":"https:\/\/lingonex.de\/de\/wp-json\/wp\/v2\/types\/page"}],"author":[{"embeddable":true,"href":"https:\/\/lingonex.de\/de\/wp-json\/wp\/v2\/users\/1"}],"replies":[{"embeddable":true,"href":"https:\/\/lingonex.de\/de\/wp-json\/wp\/v2\/comments?post=355"}],"version-history":[{"count":5,"href":"https:\/\/lingonex.de\/de\/wp-json\/wp\/v2\/pages\/355\/revisions"}],"predecessor-version":[{"id":2952,"href":"https:\/\/lingonex.de\/de\/wp-json\/wp\/v2\/pages\/355\/revisions\/2952"}],"wp:attachment":[{"href":"https:\/\/lingonex.de\/de\/wp-json\/wp\/v2\/media?parent=355"}],"curies":[{"name":"wp","href":"https:\/\/api.w.org\/{rel}","templated":true}]}}